{"id":1652,"date":"2025-05-07T10:32:27","date_gmt":"2025-05-07T10:32:27","guid":{"rendered":"https:\/\/seasicupid.com\/?page_id=1652"},"modified":"2025-05-07T10:32:27","modified_gmt":"2025-05-07T10:32:27","slug":"feltetelek-es-feltetelek","status":"publish","type":"page","link":"https:\/\/seasicupid.com\/?page_id=1652","title":{"rendered":"Felt\u00e9telek \u00e9s felt\u00e9telek"},"content":{"rendered":"<p>K\u00e9rj\u00fck, figyelmesen olvassa el ezeket a felt\u00e9teleket, miel\u0151tt ig\u00e9nybe venn\u00e9 a Szolg\u00e1ltat\u00e1sunkat.<\/p>\n<h2>\u00c9rtelmez\u00e9s \u00e9s fogalommeghat\u00e1roz\u00e1sok<\/h2>\n<h3>Tolm\u00e1csol\u00e1s<\/h3>\n<p>Azoknak a szavaknak, amelyek kezd\u0151bet\u0171je nagybet\u0171vel van \u00edrva, a k\u00f6vetkez\u0151 felt\u00e9telek szerint meghat\u00e1rozott jelent\u00e9se van. Az al\u00e1bbi fogalommeghat\u00e1roz\u00e1sok jelent\u00e9se azonos, f\u00fcggetlen\u00fcl att\u00f3l, hogy egyes vagy t\u00f6bbes sz\u00e1mban szerepelnek.<\/p>\n<h3>Fogalommeghat\u00e1roz\u00e1sok<\/h3>\n<p>A jelen \u00c1ltal\u00e1nos Szerz\u0151d\u00e9si Felt\u00e9telek alkalmaz\u00e1s\u00e1ban:<\/p>\n<ul>\n<li>\n<p>A<strong>kapcsolt v\u00e1llalkoz\u00e1s<\/strong> olyan szervezetet jelent, amely egy felet ir\u00e1ny\u00edt, amelyet egy f\u00e9l ir\u00e1ny\u00edt, vagy amely egy f\u00e9llel k\u00f6z\u00f6s ir\u00e1ny\u00edt\u00e1s alatt \u00e1ll, ahol az &quot;ir\u00e1ny\u00edt\u00e1s&quot; a r\u00e9szv\u00e9nyek, r\u00e9szesed\u00e9sek vagy egy\u00e9b, az igazgat\u00f3v\u00e1laszt\u00e1sra vagy m\u00e1s ir\u00e1ny\u00edt\u00f3 hat\u00f3s\u00e1g megv\u00e1laszt\u00e1s\u00e1ra szavaz\u00e1sra jogos\u00edt\u00f3 \u00e9rt\u00e9kpap\u00edrok legal\u00e1bb 50%-\u00e1nak tulajdonjog\u00e1t jelenti.<\/p>\n<\/li>\n<li>\n<p><strong>Az orsz\u00e1g<\/strong> a k\u00f6vetkez\u0151kre vonatkozik: Szolnok, Magyarorsz\u00e1g.<\/p>\n<\/li>\n<li>\n<p><strong>A V\u00e1llalat<\/strong> (a jelen Meg\u00e1llapod\u00e1sban a &quot;V\u00e1llalat&quot;, &quot;Mi&quot;, &quot;Mi&quot; vagy &quot;Mi\u00e9nk&quot;) a Seasicupid Kft, Szolnok, Hild J\u00e1nos t\u00e9r 1, 5000 Magyarorsz\u00e1g.<\/p>\n<\/li>\n<li>\n<p><strong>Eszk\u00f6znek<\/strong> min\u0151s\u00fcl minden olyan eszk\u00f6z, amely k\u00e9pes a Szolg\u00e1ltat\u00e1shoz hozz\u00e1f\u00e9rni, p\u00e9ld\u00e1ul sz\u00e1m\u00edt\u00f3g\u00e9p, mobiltelefon vagy digit\u00e1lis t\u00e1blag\u00e9p.<\/p>\n<\/li>\n<li>\n<p><strong>A szolg\u00e1ltat\u00e1s<\/strong> a Weboldalra vonatkozik.<\/p>\n<\/li>\n<li>\n<p><strong>Felt\u00e9telek<\/strong> (m\u00e1s n\u00e9ven &quot;Felt\u00e9telek&quot;): a jelen Felt\u00e9telek, amelyek az \u00d6n \u00e9s a V\u00e1llalat k\u00f6z\u00f6tti teljes meg\u00e1llapod\u00e1st k\u00e9pezik a Szolg\u00e1ltat\u00e1s haszn\u00e1lat\u00e1ra vonatkoz\u00f3an. A jelen \u00c1ltal\u00e1nos Szerz\u0151d\u00e9si <\/p>\n<\/li>\n<li>\n<p><strong>Harmadik f\u00e9l \u00e1ltal ny\u00fajtott k\u00f6z\u00f6ss\u00e9gi m\u00e9diaszolg\u00e1ltat\u00e1s<\/strong>: b\u00e1rmely harmadik f\u00e9l \u00e1ltal ny\u00fajtott szolg\u00e1ltat\u00e1s vagy tartalom (bele\u00e9rtve az adatokat, inform\u00e1ci\u00f3kat, term\u00e9keket vagy szolg\u00e1ltat\u00e1sokat), amelyet a Szolg\u00e1ltat\u00e1s megjelen\u00edthet, tartalmazhat vagy el\u00e9rhet\u0151v\u00e9 tehet.<\/p>\n<\/li>\n<li>\n<p><strong>A weboldal<\/strong> a Seasicupid Kft-ra utal, amely a <a href=\"https:\/\/seasicupid.com\/\" rel=\"external nofollow noopener\" target=\"_blank\">https:\/\/seasicupid.com\/<\/a> c\u00edmen \u00e9rhet\u0151 el <a href=\"https:\/\/seasicupid.com\/\" rel=\"external nofollow noopener\" target=\"_blank\">.<\/a><\/p>\n<\/li>\n<li>\n<p><strong>\u00d6n<\/strong> a Szolg\u00e1ltat\u00e1shoz hozz\u00e1f\u00e9r\u0151 vagy azt haszn\u00e1l\u00f3 mag\u00e1nszem\u00e9lyt, illetve azt a v\u00e1llalatot vagy m\u00e1s jogi szem\u00e9lyt jelenti, amelynek nev\u00e9ben az ilyen mag\u00e1nszem\u00e9ly a Szolg\u00e1ltat\u00e1st ig\u00e9nybe veszi vagy haszn\u00e1lja.<\/p>\n<\/li>\n<\/ul>\n<h2>Visszaigazol\u00e1s<\/h2>\n<p>Ezek az \u00c1ltal\u00e1nos Szerz\u0151d\u00e9si Felt\u00e9telek szab\u00e1lyozz\u00e1k a Szolg\u00e1ltat\u00e1s haszn\u00e1lat\u00e1t, valamint az \u00d6n \u00e9s a T\u00e1rsas\u00e1g k\u00f6z\u00f6tt l\u00e9trej\u00f6tt meg\u00e1llapod\u00e1st. A jelen \u00c1ltal\u00e1nos Szerz\u0151d\u00e9si Felt\u00e9telek meghat\u00e1rozz\u00e1k valamennyi felhaszn\u00e1l\u00f3 jogait \u00e9s k\u00f6telezetts\u00e9geit a Szolg\u00e1ltat\u00e1s haszn\u00e1lat\u00e1val kapcsolatban.<\/p>\n<p>A Szolg\u00e1ltat\u00e1shoz val\u00f3 hozz\u00e1f\u00e9r\u00e9s \u00e9s annak haszn\u00e1lata a jelen \u00c1ltal\u00e1nos Szerz\u0151d\u00e9si Felt\u00e9telek elfogad\u00e1s\u00e1hoz \u00e9s betart\u00e1s\u00e1hoz k\u00f6t\u00f6tt. A jelen \u00c1ltal\u00e1nos Szerz\u0151d\u00e9si Felt\u00e9telek minden l\u00e1togat\u00f3ra, felhaszn\u00e1l\u00f3ra \u00e9s m\u00e1s, a Szolg\u00e1ltat\u00e1shoz hozz\u00e1f\u00e9r\u0151 vagy azt haszn\u00e1l\u00f3 szem\u00e9lyre vonatkoznak.<\/p>\n<p>A Szolg\u00e1ltat\u00e1shoz val\u00f3 hozz\u00e1f\u00e9r\u00e9ssel vagy annak haszn\u00e1lat\u00e1val \u00d6n elfogadja, hogy a jelen \u00c1ltal\u00e1nos Szerz\u0151d\u00e9si Felt\u00e9telek k\u00f6telez\u0151 \u00e9rv\u00e9ny\u0171ek. Ha \u00d6n nem \u00e9rt egyet a jelen \u00c1ltal\u00e1nos Szerz\u0151d\u00e9si Felt\u00e9telek b\u00e1rmely r\u00e9sz\u00e9vel, akkor nem f\u00e9rhet hozz\u00e1 a Szolg\u00e1ltat\u00e1shoz.<\/p>\n<p>\u00d6n kijelenti, hogy elm\u00falt 18 \u00e9ves. A T\u00e1rsas\u00e1g nem enged\u00e9lyezi 18 \u00e9v alattiak sz\u00e1m\u00e1ra a Szolg\u00e1ltat\u00e1s haszn\u00e1lat\u00e1t.<\/p>\n<p>A Szolg\u00e1ltat\u00e1shoz val\u00f3 hozz\u00e1f\u00e9r\u00e9s \u00e9s annak haszn\u00e1lata az \u00d6n sz\u00e1m\u00e1ra a T\u00e1rsas\u00e1g Adatv\u00e9delmi szab\u00e1lyzat\u00e1nak elfogad\u00e1s\u00e1hoz \u00e9s betart\u00e1s\u00e1hoz is k\u00f6t\u00f6tt. Adatv\u00e9delmi szab\u00e1lyzatunk le\u00edrja az \u00d6n szem\u00e9lyes adatainak gy\u0171jt\u00e9s\u00e9re, felhaszn\u00e1l\u00e1s\u00e1ra \u00e9s k\u00f6zz\u00e9t\u00e9tel\u00e9re vonatkoz\u00f3 ir\u00e1nyelveinket \u00e9s elj\u00e1r\u00e1sainkat, amikor \u00d6n az Alkalmaz\u00e1st vagy a Weboldalt haszn\u00e1lja, \u00e9s t\u00e1j\u00e9koztatja \u00d6nt az \u00d6n adatv\u00e9delmi jogair\u00f3l, valamint arr\u00f3l, hogy a t\u00f6rv\u00e9ny hogyan v\u00e9di \u00d6nt. K\u00e9rj\u00fck, figyelmesen olvassa el Adatv\u00e9delmi Szab\u00e1lyzatunkat, miel\u0151tt ig\u00e9nybe venn\u00e9 Szolg\u00e1ltat\u00e1sunkat.<\/p>\n<h2>Linkek m\u00e1s weboldalakra<\/h2>\n<p>Szolg\u00e1ltat\u00e1sunk tartalmazhat olyan harmadik f\u00e9l webhelyeire vagy szolg\u00e1ltat\u00e1saira mutat\u00f3 linkeket, amelyek nem a T\u00e1rsas\u00e1g tulajdon\u00e1ban vagy ellen\u0151rz\u00e9se alatt \u00e1llnak.<\/p>\n<p>A T\u00e1rsas\u00e1g nem ellen\u0151rzi \u00e9s nem v\u00e1llal felel\u0151ss\u00e9get harmadik felek weboldalainak vagy szolg\u00e1ltat\u00e1sainak tartalm\u00e1\u00e9rt, adatv\u00e9delmi politik\u00e1j\u00e1\u00e9rt vagy gyakorlat\u00e1\u00e9rt. \u00d6n tov\u00e1bb\u00e1 tudom\u00e1sul veszi \u00e9s elfogadja, hogy a V\u00e1llalat sem k\u00f6zvetlen\u00fcl, sem k\u00f6zvetve nem felel\u0151s \u00e9s nem v\u00e1llal felel\u0151ss\u00e9get semmilyen k\u00e1r\u00e9rt vagy vesztes\u00e9g\u00e9rt, amelyet az ilyen weboldalakon vagy szolg\u00e1ltat\u00e1sokon kereszt\u00fcl el\u00e9rhet\u0151 tartalmak, \u00e1ruk vagy szolg\u00e1ltat\u00e1sok haszn\u00e1lata vagy azokra val\u00f3 t\u00e1maszkod\u00e1s okozott vagy \u00e1ll\u00edt\u00f3lagosan okozott.<\/p>\n<p>Nyomat\u00e9kosan javasoljuk, hogy olvassa el az \u00d6n \u00e1ltal megl\u00e1togatott harmadik felek weboldalainak vagy szolg\u00e1ltat\u00e1sainak \u00e1ltal\u00e1nos szerz\u0151d\u00e9si felt\u00e9teleit \u00e9s adatv\u00e9delmi ir\u00e1nyelveit.<\/p>\n<h2>Megsz\u00fcntet\u00e9s<\/h2>\n<p>B\u00e1rmilyen okb\u00f3l azonnal, el\u0151zetes \u00e9rtes\u00edt\u00e9s vagy felel\u0151ss\u00e9gv\u00e1llal\u00e1s n\u00e9lk\u00fcl megsz\u00fcntethetj\u00fck vagy felf\u00fcggeszthetj\u00fck az \u00d6n hozz\u00e1f\u00e9r\u00e9s\u00e9t, bele\u00e9rtve, de nem kiz\u00e1r\u00f3lagosan, ha \u00d6n megszegi a jelen \u00c1ltal\u00e1nos Szerz\u0151d\u00e9si Felt\u00e9teleket.<\/p>\n<p>A felmond\u00e1s eset\u00e9n az \u00d6n joga a Szolg\u00e1ltat\u00e1s haszn\u00e1lat\u00e1ra azonnal megsz\u0171nik.<\/p>\n<h2>A felel\u0151ss\u00e9g korl\u00e1toz\u00e1sa<\/h2>\n<p>Az \u00d6nt esetlegesen \u00e9rt k\u00e1rokt\u00f3l f\u00fcggetlen\u00fcl a T\u00e1rsas\u00e1g \u00e9s b\u00e1rmely besz\u00e1ll\u00edt\u00f3j\u00e1nak a jelen Felt\u00e9telek b\u00e1rmely rendelkez\u00e9se alapj\u00e1n fenn\u00e1ll\u00f3 teljes felel\u0151ss\u00e9ge \u00e9s az \u00d6n kiz\u00e1r\u00f3lagos jogorvoslata a fentiekkel kapcsolatban az \u00d6n \u00e1ltal a Szolg\u00e1ltat\u00e1son kereszt\u00fcl t\u00e9nylegesen kifizetett \u00f6sszegre vagy 100 USD-re korl\u00e1toz\u00f3dik, ha \u00d6n nem v\u00e1s\u00e1rolt semmit a Szolg\u00e1ltat\u00e1son kereszt\u00fcl.<\/p>\n<p>Az alkalmazand\u00f3 jogszab\u00e1lyok \u00e1ltal megengedett legnagyobb m\u00e9rt\u00e9kben a T\u00e1rsas\u00e1g vagy besz\u00e1ll\u00edt\u00f3i semmilyen esetben sem v\u00e1llalnak felel\u0151ss\u00e9get semmilyen k\u00fcl\u00f6nleges, v\u00e9letlen, k\u00f6zvetett vagy k\u00f6vetkezm\u00e9nyes k\u00e1r\u00e9rt (bele\u00e9rtve, de nem kiz\u00e1r\u00f3lagosan a nyeres\u00e9gkies\u00e9sb\u0151l, adatveszt\u00e9sb\u0151l vagy m\u00e1s inform\u00e1ci\u00f3k elveszt\u00e9s\u00e9b\u0151l, az \u00fczletmenet megszak\u00edt\u00e1s\u00e1b\u00f3l, szem\u00e9lyi s\u00e9r\u00fcl\u00e9sb\u0151l ered\u0151 k\u00e1rokat), a mag\u00e1n\u00e9let elveszt\u00e9s\u00e9\u00e9rt, amely a Szolg\u00e1ltat\u00e1s, a Szolg\u00e1ltat\u00e1ssal egy\u00fctt haszn\u00e1lt harmadik f\u00e9lt\u0151l sz\u00e1rmaz\u00f3 szoftver \u00e9s\/vagy harmadik f\u00e9lt\u0151l sz\u00e1rmaz\u00f3 hardver haszn\u00e1lat\u00e1b\u00f3l vagy a Szolg\u00e1ltat\u00e1s haszn\u00e1lat\u00e1nak lehetetlens\u00e9g\u00e9b\u0151l ered, vagy azzal b\u00e1rmilyen m\u00f3don \u00f6sszef\u00fcgg), m\u00e9g akkor is, ha a T\u00e1rsas\u00e1got vagy b\u00e1rmely besz\u00e1ll\u00edt\u00f3j\u00e1t t\u00e1j\u00e9koztatt\u00e1k az ilyen k\u00e1rok lehet\u0151s\u00e9g\u00e9r\u0151l, \u00e9s m\u00e9g akkor is, ha a jogorvoslat nem \u00e9ri el alapvet\u0151 c\u00e9lj\u00e1t.<\/p>\n<p>Egyes \u00e1llamok nem enged\u00e9lyezik a hallgat\u00f3lagos garanci\u00e1k kiz\u00e1r\u00e1s\u00e1t vagy a v\u00e9letlen vagy k\u00f6vetkezm\u00e9nyes k\u00e1rok\u00e9rt val\u00f3 felel\u0151ss\u00e9g korl\u00e1toz\u00e1s\u00e1t, ami azt jelenti, hogy a fenti korl\u00e1toz\u00e1sok n\u00e9melyike nem alkalmazhat\u00f3. Ezekben az \u00e1llamokban az egyes felek felel\u0151ss\u00e9ge a t\u00f6rv\u00e9ny \u00e1ltal megengedett legnagyobb m\u00e9rt\u00e9kben korl\u00e1toz\u00f3dik.<\/p>\n<h2>&quot;AS IS&quot; \u00e9s &quot;AS AVAILABLE&quot; Felel\u0151ss\u00e9gi nyilatkozat<\/h2>\n<p>A Szolg\u00e1ltat\u00e1s az \u00d6n rendelkez\u00e9s\u00e9re \u00e1ll &quot;AZONOSAN&quot; \u00e9s &quot;K\u00c9SZENL\u00c9TESEN&quot;, minden hib\u00e1val \u00e9s hi\u00e1nyoss\u00e1ggal, mindenf\u00e9le garancia n\u00e9lk\u00fcl. Az alkalmazand\u00f3 jogszab\u00e1lyok \u00e1ltal megengedett legnagyobb m\u00e9rt\u00e9kben a V\u00e1llalat a saj\u00e1t nev\u00e9ben, valamint a kapcsolt v\u00e1llalkoz\u00e1sai, illetve azok licencad\u00f3i \u00e9s szolg\u00e1ltat\u00f3i nev\u00e9ben kifejezetten kiz\u00e1r minden kifejezett, hallgat\u00f3lagos, t\u00f6rv\u00e9nyes vagy egy\u00e9b garanci\u00e1t a Szolg\u00e1ltat\u00e1ssal kapcsolatban, bele\u00e9rtve az eladhat\u00f3s\u00e1g, a meghat\u00e1rozott c\u00e9lra val\u00f3 alkalmass\u00e1g, a jogc\u00edm \u00e9s a jogs\u00e9rt\u00e9smentess\u00e9g minden hallgat\u00f3lagos garanci\u00e1j\u00e1t, valamint a kereskedelmi forgalomb\u00f3l, a teljes\u00edt\u00e9s menet\u00e9b\u0151l, a haszn\u00e1latb\u00f3l vagy a kereskedelmi gyakorlatb\u00f3l ered\u0151 garanci\u00e1kat. A fentiek korl\u00e1toz\u00e1sa n\u00e9lk\u00fcl, a T\u00e1rsas\u00e1g nem v\u00e1llal garanci\u00e1t vagy k\u00f6telezetts\u00e9get, \u00e9s nem v\u00e1llal semmilyen garanci\u00e1t arra vonatkoz\u00f3an, hogy a Szolg\u00e1ltat\u00e1s megfelel az \u00d6n ig\u00e9nyeinek, el\u00e9r b\u00e1rmilyen k\u00edv\u00e1nt eredm\u00e9nyt, kompatibilis vagy egy\u00fcttm\u0171k\u00f6dik m\u00e1s szoftverekkel, alkalmaz\u00e1sokkal, rendszerekkel vagy szolg\u00e1ltat\u00e1sokkal, megszak\u00edt\u00e1s n\u00e9lk\u00fcl m\u0171k\u00f6dik, megfelel b\u00e1rmilyen teljes\u00edtm\u00e9ny- vagy megb\u00edzhat\u00f3s\u00e1gi szabv\u00e1nynak, vagy hibamentes, illetve hogy b\u00e1rmilyen hiba vagy hi\u00e1nyoss\u00e1g kijav\u00edthat\u00f3 vagy kijav\u00edt\u00e1sra ker\u00fcl.<\/p>\n<p>A fentiek korl\u00e1toz\u00e1sa n\u00e9lk\u00fcl, sem a T\u00e1rsas\u00e1g, sem a T\u00e1rsas\u00e1g b\u00e1rmely szolg\u00e1ltat\u00f3ja nem v\u00e1llal semmif\u00e9le kifejezett vagy hallgat\u00f3lagos k\u00e9pviseletet vagy garanci\u00e1t: (i) a Szolg\u00e1ltat\u00e1s m\u0171k\u00f6d\u00e9s\u00e9re vagy el\u00e9rhet\u0151s\u00e9g\u00e9re, illetve az abban szerepl\u0151 inform\u00e1ci\u00f3kra, tartalomra, anyagokra vagy term\u00e9kekre vonatkoz\u00f3an; (ii) arra vonatkoz\u00f3an, hogy a Szolg\u00e1ltat\u00e1s megszak\u00edt\u00e1s- vagy hibamentes lesz; (iii) a Szolg\u00e1ltat\u00e1son kereszt\u00fcl ny\u00fajtott b\u00e1rmely inform\u00e1ci\u00f3 vagy tartalom pontoss\u00e1g\u00e1ra, megb\u00edzhat\u00f3s\u00e1g\u00e1ra vagy aktualit\u00e1s\u00e1ra vonatkoz\u00f3an; vagy (iv) arra vonatkoz\u00f3an, hogy a Szolg\u00e1ltat\u00e1s, annak szerverei, a tartalom vagy a T\u00e1rsas\u00e1gt\u00f3l vagy annak nev\u00e9ben k\u00fcld\u00f6tt e-mailek nem tartalmaznak v\u00edrusokat, szkripteket, tr\u00f3jai falovakat, f\u00e9rgeket, malware-t, id\u0151z\u00edtett bomb\u00e1kat vagy m\u00e1s k\u00e1ros \u00f6sszetev\u0151ket.<\/p>\n<p>Egyes joghat\u00f3s\u00e1gok nem teszik lehet\u0151v\u00e9 bizonyos t\u00edpus\u00fa garanci\u00e1k kiz\u00e1r\u00e1s\u00e1t vagy a fogyaszt\u00f3k alkalmazand\u00f3 t\u00f6rv\u00e9nyes jogainak korl\u00e1toz\u00e1s\u00e1t, \u00edgy el\u0151fordulhat, hogy a fenti kiz\u00e1r\u00e1sok \u00e9s korl\u00e1toz\u00e1sok egy r\u00e9sze vagy eg\u00e9sze nem vonatkozik \u00d6nre. Ilyen esetben azonban az ebben a szakaszban meghat\u00e1rozott kiz\u00e1r\u00e1sokat \u00e9s korl\u00e1toz\u00e1sokat a vonatkoz\u00f3 jogszab\u00e1lyok szerint \u00e9rv\u00e9nyes\u00edthet\u0151 legnagyobb m\u00e9rt\u00e9kben kell alkalmazni.<\/p>\n<h2>Ir\u00e1nyad\u00f3 jog<\/h2>\n<p>A jelen Felt\u00e9telekre \u00e9s a Szolg\u00e1ltat\u00e1s \u00d6n \u00e1ltali haszn\u00e1lat\u00e1ra az orsz\u00e1g t\u00f6rv\u00e9nyei az ir\u00e1nyad\u00f3k, kiv\u00e9ve a koll\u00edzi\u00f3s szab\u00e1lyokat. Az Alkalmaz\u00e1s \u00d6n \u00e1ltali haszn\u00e1lat\u00e1ra m\u00e1s helyi, \u00e1llami, nemzeti vagy nemzetk\u00f6zi jogszab\u00e1lyok is vonatkozhatnak.<\/p>\n<h2>Vitarendez\u00e9s<\/h2>\n<p>Ha \u00d6nnek b\u00e1rmilyen agg\u00e1lya vagy vit\u00e1ja van a Szolg\u00e1ltat\u00e1ssal kapcsolatban, \u00d6n beleegyezik, hogy el\u0151sz\u00f6r megpr\u00f3b\u00e1lja a vit\u00e1t inform\u00e1lisan, a T\u00e1rsas\u00e1ggal val\u00f3 kapcsolatfelv\u00e9tel \u00fatj\u00e1n megoldani.<\/p>\n<h2>Az Eur\u00f3pai Uni\u00f3 (EU) felhaszn\u00e1l\u00f3i sz\u00e1m\u00e1ra<\/h2>\n<p>Ha \u00d6n eur\u00f3pai uni\u00f3s fogyaszt\u00f3, akkor az \u00d6n lak\u00f3helye szerinti orsz\u00e1g jogszab\u00e1lyainak k\u00f6telez\u0151 rendelkez\u00e9sei vonatkoznak \u00d6nre.<\/p>\n<h2>Egyes\u00fclt \u00c1llamok Jogi megfelel\u00e9s<\/h2>\n<p>\u00d6n kijelenti \u00e9s garant\u00e1lja, hogy (i) nem tart\u00f3zkodik olyan orsz\u00e1gban, amely az Egyes\u00fclt \u00c1llamok korm\u00e1ny\u00e1nak embarg\u00f3ja alatt \u00e1ll, vagy amelyet az Egyes\u00fclt \u00c1llamok korm\u00e1nya &quot;terrorizmust t\u00e1mogat\u00f3&quot; orsz\u00e1gk\u00e9nt jel\u00f6lt meg, \u00e9s (ii) nem szerepel az Egyes\u00fclt \u00c1llamok korm\u00e1ny\u00e1nak tiltott vagy korl\u00e1tozott felek list\u00e1j\u00e1n.<\/p>\n<h2>Elv\u00e1laszthat\u00f3s\u00e1g \u00e9s lemond\u00e1s<\/h2>\n<h3>Elv\u00e1laszthat\u00f3s\u00e1g<\/h3>\n<p>Ha a jelen Felt\u00e9telek b\u00e1rmely rendelkez\u00e9se v\u00e9grehajthatatlannak vagy \u00e9rv\u00e9nytelennek min\u0151s\u00fcl, az ilyen rendelkez\u00e9st \u00fagy m\u00f3dos\u00edtjuk \u00e9s \u00e9rtelmezz\u00fck, hogy az adott rendelkez\u00e9s c\u00e9ljait az alkalmazand\u00f3 jog szerint a lehet\u0151 legnagyobb m\u00e9rt\u00e9kben el\u00e9rj\u00fck, a fennmarad\u00f3 rendelkez\u00e9sek pedig tov\u00e1bbra is teljes m\u00e9rt\u00e9kben hat\u00e1lyban maradnak.<\/p>\n<h3>Lemond\u00e1s<\/h3>\n<p>Az itt meghat\u00e1rozottak kiv\u00e9tel\u00e9vel a jelen Felt\u00e9telek szerinti jog gyakorl\u00e1s\u00e1nak vagy k\u00f6telezetts\u00e9g teljes\u00edt\u00e9s\u00e9nek elmulaszt\u00e1sa nem befoly\u00e1solja a f\u00e9l azon k\u00e9pess\u00e9g\u00e9t, hogy ezt k\u00f6vet\u0151en b\u00e1rmikor gyakorolhassa az adott jogot vagy k\u00f6vetelhesse az adott teljes\u00edt\u00e9st, \u00e9s a jogs\u00e9rt\u00e9sr\u0151l val\u00f3 lemond\u00e1s nem jelenti a k\u00e9s\u0151bbi jogs\u00e9rt\u00e9sekr\u0151l val\u00f3 lemond\u00e1st.<\/p>\n<h2>Ford\u00edt\u00e1s Tolm\u00e1csol\u00e1s<\/h2>\n<p>A jelen \u00c1ltal\u00e1nos Szerz\u0151d\u00e9si Felt\u00e9telek leford\u00edt\u00e1sra ker\u00fclhetnek, ha azokat a Szolg\u00e1ltat\u00e1sunkon el\u00e9rhet\u0151v\u00e9 tett\u00fck az \u00d6n sz\u00e1m\u00e1ra. \u00d6n elfogadja, hogy vita eset\u00e9n az eredeti angol nyelv\u0171 sz\u00f6veg az ir\u00e1nyad\u00f3.<\/p>\n<h2>A jelen \u00c1ltal\u00e1nos Szerz\u0151d\u00e9si Felt\u00e9telek m\u00f3dos\u00edt\u00e1sa<\/h2>\n<p>Fenntartjuk a jogot, hogy saj\u00e1t bel\u00e1t\u00e1sunk szerint b\u00e1rmikor m\u00f3dos\u00edtsuk vagy helyettes\u00edts\u00fck a jelen Felt\u00e9teleket. Ha a m\u00f3dos\u00edt\u00e1s l\u00e9nyeges, \u00e9sszer\u0171 er\u0151fesz\u00edt\u00e9seket tesz\u00fcnk annak \u00e9rdek\u00e9ben, hogy legal\u00e1bb 30 nappal az \u00faj felt\u00e9telek hat\u00e1lyba l\u00e9p\u00e9se el\u0151tt \u00e9rtes\u00edt\u00e9st k\u00fcldj\u00fcnk. Azt, hogy mi min\u0151s\u00fcl l\u00e9nyeges m\u00f3dos\u00edt\u00e1snak, saj\u00e1t bel\u00e1t\u00e1sunk szerint hat\u00e1rozzuk meg.<\/p>\n<p>Azzal, hogy a m\u00f3dos\u00edt\u00e1sok hat\u00e1lyba l\u00e9p\u00e9s\u00e9t k\u00f6vet\u0151en tov\u00e1bbra is hozz\u00e1f\u00e9r vagy haszn\u00e1lja a Szolg\u00e1ltat\u00e1sunkat, \u00d6n elfogadja, hogy a m\u00f3dos\u00edtott felt\u00e9telek k\u00f6telez\u0151 \u00e9rv\u00e9ny\u0171ek. Ha \u00d6n r\u00e9szben vagy eg\u00e9szben nem \u00e9rt egyet az \u00faj felt\u00e9telekkel, k\u00e9rj\u00fck, hagyja abba a weboldal \u00e9s a Szolg\u00e1ltat\u00e1s haszn\u00e1lat\u00e1t.<\/p>\n<h2>Kapcsolatfelv\u00e9tel<\/h2>\n<p>Ha b\u00e1rmilyen k\u00e9rd\u00e9se van a jelen \u00c1ltal\u00e1nos Szerz\u0151d\u00e9si Felt\u00e9telekkel kapcsolatban, forduljon hozz\u00e1nk:<\/p>\n<ul>\n<li>E-mailben: <a href=\"mailto:info@seasicupid.com\">info@seasicupid.com<\/a><\/li>\n<\/ul>\n","protected":false},"excerpt":{"rendered":"<p>K\u00e9rj\u00fck, figyelmesen olvassa el ezeket a felt\u00e9teleket, miel\u0151tt ig\u00e9nybe venn\u00e9 a Szolg\u00e1ltat\u00e1sunkat. \u00c9rtelmez\u00e9s \u00e9s fogalommeghat\u00e1roz\u00e1sok Tolm\u00e1csol\u00e1s Azoknak a szavaknak, amelyek kezd\u0151bet\u0171je nagybet\u0171vel van \u00edrva, a k\u00f6vetkez\u0151 felt\u00e9telek szerint meghat\u00e1rozott jelent\u00e9se&hellip;<\/p>\n","protected":false},"author":1,"featured_media":0,"parent":0,"menu_order":0,"comment_status":"closed","ping_status":"closed","template":"","meta":{"footnotes":""},"class_list":["post-1652","page","type-page","status-publish","hentry"],"_links":{"self":[{"href":"https:\/\/seasicupid.com\/index.php?rest_route=\/wp\/v2\/pages\/1652","targetHints":{"allow":["GET"]}}],"collection":[{"href":"https:\/\/seasicupid.com\/index.php?rest_route=\/wp\/v2\/pages"}],"about":[{"href":"https:\/\/seasicupid.com\/index.php?rest_route=\/wp\/v2\/types\/page"}],"author":[{"embeddable":true,"href":"https:\/\/seasicupid.com\/index.php?rest_route=\/wp\/v2\/users\/1"}],"replies":[{"embeddable":true,"href":"https:\/\/seasicupid.com\/index.php?rest_route=%2Fwp%2Fv2%2Fcomments&post=1652"}],"version-history":[{"count":1,"href":"https:\/\/seasicupid.com\/index.php?rest_route=\/wp\/v2\/pages\/1652\/revisions"}],"predecessor-version":[{"id":1653,"href":"https:\/\/seasicupid.com\/index.php?rest_route=\/wp\/v2\/pages\/1652\/revisions\/1653"}],"wp:attachment":[{"href":"https:\/\/seasicupid.com\/index.php?rest_route=%2Fwp%2Fv2%2Fmedia&parent=1652"}],"curies":[{"name":"wp","href":"https:\/\/api.w.org\/{rel}","templated":true}]}}