{"id":1612,"date":"2024-12-16T15:03:56","date_gmt":"2024-12-16T15:03:56","guid":{"rendered":"https:\/\/seasicupid.com\/?page_id=1612"},"modified":"2025-05-07T10:31:14","modified_gmt":"2025-05-07T10:31:14","slug":"kapcsolatfelvetel","status":"publish","type":"page","link":"https:\/\/seasicupid.com\/?page_id=1612","title":{"rendered":"Felel\u0151ss\u00e9gi nyilatkozat"},"content":{"rendered":"<h2>\u00c9rtelmez\u00e9s \u00e9s fogalommeghat\u00e1roz\u00e1sok<\/h2>\n<h3>Tolm\u00e1csol\u00e1s<\/h3>\n<p>Azoknak a szavaknak, amelyek kezd\u0151bet\u0171je nagybet\u0171vel van \u00edrva, a k\u00f6vetkez\u0151 felt\u00e9telek szerint meghat\u00e1rozott jelent\u00e9s\u00fck van. Az al\u00e1bbi meghat\u00e1roz\u00e1soknak ugyanaz a jelent\u00e9s\u00fck, f\u00fcggetlen\u00fcl att\u00f3l, hogy egyes vagy t\u00f6bbes sz\u00e1mban szerepelnek.<\/p>\n<h3>Fogalommeghat\u00e1roz\u00e1sok<\/h3>\n<p>A jelen jogi nyilatkozat alkalmaz\u00e1s\u00e1ban:<\/p>\n<ul>\n<li><strong>A V\u00e1llalat<\/strong> (a jelen Felel\u0151ss\u00e9gi nyilatkozatban a &quot;V\u00e1llalat&quot;, &quot;Mi&quot;, &quot;Mi&quot; vagy &quot;Mi\u00e9nk&quot;) a Seasicupid Kft, Szolnok, Hild J\u00e1nos t\u00e9r 1, 5000 Magyarorsz\u00e1g.<\/li>\n<li><strong>A szolg\u00e1ltat\u00e1s<\/strong> a Weboldalra vonatkozik.<\/li>\n<li><strong>\u00d6n<\/strong> a Szolg\u00e1ltat\u00e1shoz hozz\u00e1f\u00e9r\u0151 mag\u00e1nszem\u00e9lyt, illetve azt a v\u00e1llalatot vagy m\u00e1s jogi szem\u00e9lyt jelenti, amelynek nev\u00e9ben az adott mag\u00e1nszem\u00e9ly a Szolg\u00e1ltat\u00e1st ig\u00e9nybe veszi vagy haszn\u00e1lja.<\/li>\n<li><strong>A weboldal<\/strong> a Seasicupid Kft c\u00edmre utal, amely a <a href=\"https:\/\/seasicupid.com\/\" rel=\"external nofollow noopener\" target=\"_blank\">https:\/\/seasicupid.com\/<\/a> c\u00edmen \u00e9rhet\u0151 el <a href=\"https:\/\/seasicupid.com\/\" rel=\"external nofollow noopener\" target=\"_blank\">.<\/a><\/li>\n<\/ul>\n<h2>Felel\u0151ss\u00e9gi nyilatkozat<\/h2>\n<p>A Szolg\u00e1ltat\u00e1sban tal\u00e1lhat\u00f3 inform\u00e1ci\u00f3k csak \u00e1ltal\u00e1nos t\u00e1j\u00e9koztat\u00e1sra szolg\u00e1lnak.<\/p>\n<p>A T\u00e1rsas\u00e1g nem v\u00e1llal felel\u0151ss\u00e9get a Szolg\u00e1ltat\u00e1s tartalm\u00e1nak hib\u00e1i\u00e9rt vagy hi\u00e1nyoss\u00e1gai\u00e9rt.<\/p>\n<p>A T\u00e1rsas\u00e1g semmilyen esetben sem v\u00e1llal felel\u0151ss\u00e9get semmilyen k\u00fcl\u00f6nleges, k\u00f6zvetlen, k\u00f6zvetett, k\u00f6zvetett, k\u00f6vetkezm\u00e9nyes vagy v\u00e9letlen k\u00e1r\u00e9rt, vagy b\u00e1rmilyen m\u00e1s k\u00e1r\u00e9rt, ak\u00e1r szerz\u0151d\u00e9s, gondatlans\u00e1g vagy m\u00e1s jogellenes cselekm\u00e9ny alapj\u00e1n, amely a Szolg\u00e1ltat\u00e1s haszn\u00e1lat\u00e1b\u00f3l vagy a Szolg\u00e1ltat\u00e1s tartalm\u00e1b\u00f3l ered, vagy azzal kapcsolatban \u00e1ll. A T\u00e1rsas\u00e1g fenntartja a jogot, hogy a Szolg\u00e1ltat\u00e1s tartalm\u00e1t b\u00e1rmikor el\u0151zetes \u00e9rtes\u00edt\u00e9s n\u00e9lk\u00fcl kieg\u00e9sz\u00edtse, t\u00f6r\u00f6lje vagy m\u00f3dos\u00edtsa.<\/p>\n<p>A T\u00e1rsas\u00e1g nem garant\u00e1lja, hogy a Szolg\u00e1ltat\u00e1s mentes a v\u00edrusokt\u00f3l vagy m\u00e1s k\u00e1ros \u00f6sszetev\u0151kt\u0151l.<\/p>\n<h2>Orvosi inform\u00e1ci\u00f3kra vonatkoz\u00f3 jogi nyilatkozat<\/h2>\n<p>A Szolg\u00e1ltat\u00e1s \u00e1ltal ny\u00fajtott eg\u00e9szs\u00e9g\u00fcgyi inform\u00e1ci\u00f3k nem szolg\u00e1lnak betegs\u00e9g diagnosztiz\u00e1l\u00e1s\u00e1ra, kezel\u00e9s\u00e9re, gy\u00f3gy\u00edt\u00e1s\u00e1ra vagy megel\u0151z\u00e9s\u00e9re. A Szolg\u00e1ltat\u00e1s \u00e1ltal ny\u00fajtott term\u00e9kek, szolg\u00e1ltat\u00e1sok, inform\u00e1ci\u00f3k \u00e9s egy\u00e9b tartalmak, bele\u00e9rtve a harmadik felek weboldalaira mutat\u00f3 inform\u00e1ci\u00f3kat is, kiz\u00e1r\u00f3lag t\u00e1j\u00e9koztat\u00f3 jelleg\u0171ek.<\/p>\n<p>A Szolg\u00e1ltat\u00e1s \u00e1ltal k\u00edn\u00e1lt inform\u00e1ci\u00f3k nem teljes k\u00f6r\u0171ek, \u00e9s nem terjednek ki minden betegs\u00e9gre, betegs\u00e9gre, fizikai \u00e1llapotra vagy azok kezel\u00e9s\u00e9re.<\/p>\n<p>Az egy\u00e9nek k\u00fcl\u00f6nb\u00f6z\u0151ek, \u00e9s k\u00fcl\u00f6nb\u00f6z\u0151k\u00e9ppen reag\u00e1lhatnak a k\u00fcl\u00f6nb\u00f6z\u0151 term\u00e9kekre. Az alkalmazottak vagy m\u00e1s felhaszn\u00e1l\u00f3k \u00e1ltal a Szolg\u00e1ltat\u00e1son tett megjegyz\u00e9sek szigor\u00faan az \u0151 szem\u00e9lyes v\u00e9lem\u00e9ny\u00fck, amelyet saj\u00e1t szem\u00e9lyes min\u0151s\u00e9g\u00fckben tettek, \u00e9s nem a T\u00e1rsas\u00e1g \u00e1ltal tett \u00e1ll\u00edt\u00e1sok, \u00e9s nem k\u00e9pviselik a T\u00e1rsas\u00e1g \u00e1ll\u00e1spontj\u00e1t vagy n\u00e9zet\u00e9t.<\/p>\n<p>A T\u00e1rsas\u00e1g nem v\u00e1llal felel\u0151ss\u00e9get a Szolg\u00e1ltat\u00e1s \u00e1ltal ny\u00fajtott, az eg\u00e9szs\u00e9g\u00fcgyi c\u00e9l\u00fa \u00e9trend-kieg\u00e9sz\u00edt\u0151kre vonatkoz\u00f3 aj\u00e1nl\u00e1sokkal kapcsolatos inform\u00e1ci\u00f3k\u00e9rt.<\/p>\n<p>A T\u00e1rsas\u00e1g nem v\u00e1llal garanci\u00e1t vagy szavatoss\u00e1got az \u00e9rt\u00e9kes\u00edtett term\u00e9kekkel vagy szolg\u00e1ltat\u00e1sokkal kapcsolatban. A T\u00e1rsas\u00e1g nem v\u00e1llal felel\u0151ss\u00e9get a ny\u00fajtott inform\u00e1ci\u00f3kkal vagy szolg\u00e1ltat\u00e1sokkal kapcsolatos k\u00e1rok\u00e9rt, m\u00e9g akkor sem, ha a T\u00e1rsas\u00e1got t\u00e1j\u00e9koztatt\u00e1k a k\u00e1rok lehet\u0151s\u00e9g\u00e9r\u0151l.<\/p>\n<h2>Fitnesz \u00e9s t\u00e1pl\u00e1lkoz\u00e1si inform\u00e1ci\u00f3k Jogi nyilatkozat<\/h2>\n<p>A Szolg\u00e1ltat\u00e1s eg\u00e9szs\u00e9g\u00fcgyi, fitnesz- \u00e9s t\u00e1pl\u00e1lkoz\u00e1si inform\u00e1ci\u00f3kat ny\u00fajthat, bele\u00e9rtve &#8211; korl\u00e1toz\u00e1s n\u00e9lk\u00fcl &#8211; tan\u00e1csokat \u00e9s aj\u00e1nl\u00e1sokat, amelyek kiz\u00e1r\u00f3lag \u00e1ltal\u00e1nos oktat\u00e1si \u00e9s t\u00e1j\u00e9koztat\u00e1si c\u00e9lokat szolg\u00e1lnak.<\/p>\n<p>Az itt tal\u00e1lhat\u00f3 tan\u00e1csok \u00e9s inform\u00e1ci\u00f3k felhaszn\u00e1l\u00e1sa az \u00d6n kiz\u00e1r\u00f3lagos d\u00f6nt\u00e9se \u00e9s kock\u00e1zata. Ez az inform\u00e1ci\u00f3 nem helyettes\u00edtheti \u00e9s nem helyettes\u00edtheti a szakszer\u0171 orvosi tan\u00e1csad\u00e1st, diagn\u00f3zist vagy kezel\u00e9st. B\u00e1rmilyen t\u00e1pl\u00e1lkoz\u00e1si vagy edz\u00e9sprogram megkezd\u00e9se el\u0151tt mindig konzult\u00e1ljon orvos\u00e1val vagy eg\u00e9szs\u00e9g\u00fcgyi szolg\u00e1ltat\u00f3j\u00e1val.<\/p>\n<p>Ha \u00d6n \u00fagy d\u00f6nt, hogy az orvos el\u0151zetes beleegyez\u00e9se n\u00e9lk\u00fcl haszn\u00e1lja fel ezeket az inform\u00e1ci\u00f3kat, \u00d6n v\u00e1llalja, hogy teljes felel\u0151ss\u00e9get v\u00e1llal d\u00f6nt\u00e9sei\u00e9rt, \u00e9s beleegyezik, hogy a T\u00e1rsas\u00e1got k\u00e1rtalan\u00edtja.<\/p>\n<h2>K\u00fcls\u0151 linkek Jogi nyilatkozat<\/h2>\n<p>A Szolg\u00e1ltat\u00e1s tartalmazhat olyan k\u00fcls\u0151 weboldalakra mutat\u00f3 linkeket, amelyeket nem a T\u00e1rsas\u00e1g biztos\u00edt vagy tart fenn, illetve amelyek semmilyen m\u00f3don nem \u00e1llnak kapcsolatban a T\u00e1rsas\u00e1ggal.<\/p>\n<p>Felh\u00edvjuk figyelm\u00e9t, hogy a T\u00e1rsas\u00e1g nem garant\u00e1lja az ilyen k\u00fcls\u0151 weboldalakon tal\u00e1lhat\u00f3 inform\u00e1ci\u00f3k pontoss\u00e1g\u00e1t, relevanci\u00e1j\u00e1t, id\u0151szer\u0171s\u00e9g\u00e9t vagy teljess\u00e9g\u00e9t.<\/p>\n<h2>Hirdet\u00e9si nyilatkozat<\/h2>\n<p>A Szolg\u00e1ltat\u00e1s haszn\u00e1lata sor\u00e1n harmadik felek hirdet\u00e9sei \u00e9s harmadik felek weboldalaira mutat\u00f3 linkek is megjelenhetnek. A T\u00e1rsas\u00e1g nem v\u00e1llal felel\u0151ss\u00e9get az ilyen hirdet\u00e9sekben vagy weboldalakon szerepl\u0151 inform\u00e1ci\u00f3k pontoss\u00e1g\u00e1\u00e9rt vagy alkalmass\u00e1g\u00e1\u00e9rt, \u00e9s nem v\u00e1llal felel\u0151ss\u00e9get vagy felel\u0151ss\u00e9get az ilyen hirdet\u00e9sek \u00e9s weboldalak magatart\u00e1s\u00e1\u00e9rt vagy tartalm\u00e1\u00e9rt, valamint a harmadik felek \u00e1ltal tett aj\u00e1nlatok\u00e9rt.<\/p>\n<p>A harmadik felek hirdet\u00e9sei \u00e9s a m\u00e1s weboldalakra mutat\u00f3 linkek, ahol \u00e1rukat vagy szolg\u00e1ltat\u00e1sokat hirdetnek, nem jelentik a T\u00e1rsas\u00e1g j\u00f3v\u00e1hagy\u00e1s\u00e1t vagy aj\u00e1nl\u00e1s\u00e1t a harmadik felek oldalainak, \u00e1rucikkeinek vagy szolg\u00e1ltat\u00e1sainak. A T\u00e1rsas\u00e1g nem v\u00e1llal felel\u0151ss\u00e9get a hirdet\u00e9sek tartalm\u00e1\u00e9rt, a tett \u00edg\u00e9retek\u00e9rt, illetve a hirdet\u00e9sekben k\u00edn\u00e1lt term\u00e9kek vagy szolg\u00e1ltat\u00e1sok min\u0151s\u00e9g\u00e9\u00e9rt\/megb\u00edzhat\u00f3s\u00e1g\u00e1\u00e9rt.<\/p>\n<h2>Hib\u00e1k \u00e9s mulaszt\u00e1sok<\/h2>\n<p>A Szolg\u00e1lat \u00e1ltal adott inform\u00e1ci\u00f3k csak \u00e1ltal\u00e1nos \u00fatmutat\u00e1st ny\u00fajtanak az \u00e9rdekl\u0151d\u00e9sre sz\u00e1mot tart\u00f3 k\u00e9rd\u00e9sekben. M\u00e9g ha a T\u00e1rsas\u00e1g minden \u00f3vint\u00e9zked\u00e9st megtesz is annak \u00e9rdek\u00e9ben, hogy a Szolg\u00e1ltat\u00e1s tartalma aktu\u00e1lis \u00e9s pontos legyen, hib\u00e1k el\u0151fordulhatnak. Tov\u00e1bb\u00e1, tekintettel a t\u00f6rv\u00e9nyek, szab\u00e1lyok \u00e9s el\u0151\u00edr\u00e1sok v\u00e1ltoz\u00f3 jelleg\u00e9re, el\u0151fordulhatnak k\u00e9s\u00e9sek, kihagy\u00e1sok vagy pontatlans\u00e1gok a Szolg\u00e1ltat\u00e1sban szerepl\u0151 inform\u00e1ci\u00f3kban.<\/p>\n<p>A T\u00e1rsas\u00e1g nem v\u00e1llal felel\u0151ss\u00e9get semmilyen hib\u00e1\u00e9rt vagy hi\u00e1nyoss\u00e1g\u00e9rt, illetve az ezen inform\u00e1ci\u00f3k felhaszn\u00e1l\u00e1s\u00e1b\u00f3l sz\u00e1rmaz\u00f3 eredm\u00e9nyek\u00e9rt.<\/p>\n<h2>Jogszer\u0171 haszn\u00e1latr\u00f3l sz\u00f3l\u00f3 nyilatkozat<\/h2>\n<p>A V\u00e1llalat felhaszn\u00e1lhat olyan szerz\u0151i jogv\u00e9delem alatt \u00e1ll\u00f3 anyagokat, amelyeket nem minden esetben enged\u00e9lyezett kifejezetten a szerz\u0151i jog tulajdonosa. A T\u00e1rsas\u00e1g az ilyen anyagokat kritika, komment\u00e1r, h\u00edrk\u00f6zl\u00e9s, tan\u00edt\u00e1s, tudom\u00e1nyoss\u00e1g vagy kutat\u00e1s c\u00e9lj\u00e1b\u00f3l teszi hozz\u00e1f\u00e9rhet\u0151v\u00e9.<\/p>\n<p>A T\u00e1rsas\u00e1g \u00fagy v\u00e9li, hogy ez az Egyes\u00fclt \u00c1llamok szerz\u0151i jogi t\u00f6rv\u00e9ny\u00e9nek 107. szakasza szerinti &quot;tisztess\u00e9ges felhaszn\u00e1l\u00e1snak&quot; min\u0151s\u00fcl.<\/p>\n<p>Ha \u00d6n a Szolg\u00e1ltat\u00e1sban tal\u00e1lhat\u00f3, szerz\u0151i jogv\u00e9delem alatt \u00e1ll\u00f3 anyagokat saj\u00e1t c\u00e9ljaira k\u00edv\u00e1nja felhaszn\u00e1lni, amelyek t\u00falmutatnak a tisztess\u00e9ges felhaszn\u00e1l\u00e1son, akkor enged\u00e9lyt kell k\u00e9rnie a szerz\u0151i jog tulajdonos\u00e1t\u00f3l.<\/p>\n<h2>Kifejezett n\u00e9zetek Jogi nyilatkozat<\/h2>\n<p>A Szolg\u00e1ltat\u00e1s olyan n\u00e9zeteket \u00e9s v\u00e9lem\u00e9nyeket tartalmazhat, amelyek a szerz\u0151k saj\u00e1tjai, \u00e9s nem felt\u00e9tlen\u00fcl t\u00fckr\u00f6zik b\u00e1rmely m\u00e1s szerz\u0151, \u00fcgyn\u00f6ks\u00e9g, szervezet, munk\u00e1ltat\u00f3 vagy v\u00e1llalat hivatalos politik\u00e1j\u00e1t vagy \u00e1ll\u00e1spontj\u00e1t, bele\u00e9rtve a T\u00e1rsas\u00e1got is.<\/p>\n<p>A felhaszn\u00e1l\u00f3k \u00e1ltal k\u00f6zz\u00e9tett hozz\u00e1sz\u00f3l\u00e1sok\u00e9rt kiz\u00e1r\u00f3lag a felhaszn\u00e1l\u00f3k felel\u0151sek, \u00e9s a felhaszn\u00e1l\u00f3k v\u00e1llalj\u00e1k a teljes felel\u0151ss\u00e9get, felel\u0151ss\u00e9get \u00e9s hib\u00e1ztat\u00e1st minden olyan r\u00e1galmaz\u00e1s\u00e9rt vagy peres elj\u00e1r\u00e1s\u00e9rt, amely a hozz\u00e1sz\u00f3l\u00e1sban \u00edrtakb\u00f3l vagy a hozz\u00e1sz\u00f3l\u00e1sban \u00edrtak k\u00f6zvetlen k\u00f6vetkezm\u00e9nye. A T\u00e1rsas\u00e1g nem v\u00e1llal felel\u0151ss\u00e9get a felhaszn\u00e1l\u00f3k \u00e1ltal k\u00f6zz\u00e9tett megjegyz\u00e9sek\u00e9rt, \u00e9s fenntartja a jogot, hogy b\u00e1rmely megjegyz\u00e9st b\u00e1rmilyen okb\u00f3l t\u00f6r\u00f6lje.<\/p>\n<h2>Nincs felel\u0151ss\u00e9gv\u00e1llal\u00e1si nyilatkozat<\/h2>\n<p>A Szolg\u00e1ltat\u00e1sban tal\u00e1lhat\u00f3 inform\u00e1ci\u00f3k azzal a tudom\u00e1sulv\u00e9tellel ker\u00fclnek rendelkez\u00e9sre, hogy a T\u00e1rsas\u00e1g nem foglalkozik jogi, sz\u00e1mviteli, ad\u00f3z\u00e1si vagy egy\u00e9b szakmai tan\u00e1csad\u00e1ssal \u00e9s szolg\u00e1ltat\u00e1ssal. Mint ilyen, nem helyettes\u00edtheti a professzion\u00e1lis sz\u00e1mviteli, ad\u00f3\u00fcgyi, jogi vagy m\u00e1s illet\u00e9kes tan\u00e1csad\u00f3kkal val\u00f3 konzult\u00e1ci\u00f3t.<\/p>\n<p>A T\u00e1rsas\u00e1g vagy annak besz\u00e1ll\u00edt\u00f3i semmilyen esetben sem felelnek semmilyen k\u00fcl\u00f6nleges, v\u00e9letlen, k\u00f6zvetett vagy k\u00f6vetkezm\u00e9nyes k\u00e1r\u00e9rt, amely a Szolg\u00e1ltat\u00e1shoz val\u00f3 hozz\u00e1f\u00e9r\u00e9sb\u0151l vagy annak haszn\u00e1lat\u00e1b\u00f3l, illetve a hozz\u00e1f\u00e9r\u00e9s vagy a haszn\u00e1lat lehetetlens\u00e9g\u00e9b\u0151l ered, vagy azzal \u00f6sszef\u00fcgg\u00e9sben keletkezik.<\/p>\n<h2>&quot;Haszn\u00e1lat saj\u00e1t felel\u0151ss\u00e9gre&quot; Jogi nyilatkozat<\/h2>\n<p>A Szolg\u00e1ltat\u00e1sban tal\u00e1lhat\u00f3 minden inform\u00e1ci\u00f3 &quot;ahogy van&quot;, a teljess\u00e9gre, pontoss\u00e1gra, id\u0151szer\u0171s\u00e9gre vagy az inform\u00e1ci\u00f3k haszn\u00e1lat\u00e1b\u00f3l sz\u00e1rmaz\u00f3 eredm\u00e9nyekre vonatkoz\u00f3 garancia n\u00e9lk\u00fcl, \u00e9s mindenf\u00e9le kifejezett vagy hallgat\u00f3lagos garancia n\u00e9lk\u00fcl, bele\u00e9rtve, de nem kiz\u00e1r\u00f3lagosan a teljes\u00edtm\u00e9nyre, a forgalomk\u00e9pess\u00e9gre \u00e9s a meghat\u00e1rozott c\u00e9lra val\u00f3 alkalmass\u00e1gra vonatkoz\u00f3 garanci\u00e1kat.<\/p>\n<p>A T\u00e1rsas\u00e1g nem v\u00e1llal felel\u0151ss\u00e9get \u00d6nnel vagy b\u00e1rki m\u00e1ssal szemben a Szolg\u00e1ltat\u00e1s \u00e1ltal adott inform\u00e1ci\u00f3kra t\u00e1maszkodva hozott d\u00f6nt\u00e9sek\u00e9rt vagy tettek\u00e9rt, illetve b\u00e1rmilyen k\u00f6vetkezm\u00e9nyes, k\u00fcl\u00f6nleges vagy hasonl\u00f3 k\u00e1rok\u00e9rt, m\u00e9g akkor sem, ha t\u00e1j\u00e9koztatt\u00e1k az ilyen k\u00e1rok lehet\u0151s\u00e9g\u00e9r\u0151l.<\/p>\n<h2>Kapcsolatfelv\u00e9tel<\/h2>\n<p>Ha b\u00e1rmilyen k\u00e9rd\u00e9se van ezzel a jognyilatkozattal kapcsolatban, forduljon hozz\u00e1nk:<\/p>\n<ul>\n<li>E-mailben: <a href=\"mailto:info@seasicupid.com\">info@seasicupid.com<\/a><\/li>\n<\/ul>\n","protected":false},"excerpt":{"rendered":"<p>\u00c9rtelmez\u00e9s \u00e9s fogalommeghat\u00e1roz\u00e1sok Tolm\u00e1csol\u00e1s Azoknak a szavaknak, amelyek kezd\u0151bet\u0171je nagybet\u0171vel van \u00edrva, a k\u00f6vetkez\u0151 felt\u00e9telek szerint meghat\u00e1rozott jelent\u00e9s\u00fck van. Az al\u00e1bbi meghat\u00e1roz\u00e1soknak ugyanaz a jelent\u00e9s\u00fck, f\u00fcggetlen\u00fcl att\u00f3l, hogy egyes vagy&hellip;<\/p>\n","protected":false},"author":1,"featured_media":0,"parent":0,"menu_order":0,"comment_status":"closed","ping_status":"closed","template":"","meta":{"footnotes":""},"class_list":["post-1612","page","type-page","status-publish","hentry"],"_links":{"self":[{"href":"https:\/\/seasicupid.com\/index.php?rest_route=\/wp\/v2\/pages\/1612","targetHints":{"allow":["GET"]}}],"collection":[{"href":"https:\/\/seasicupid.com\/index.php?rest_route=\/wp\/v2\/pages"}],"about":[{"href":"https:\/\/seasicupid.com\/index.php?rest_route=\/wp\/v2\/types\/page"}],"author":[{"embeddable":true,"href":"https:\/\/seasicupid.com\/index.php?rest_route=\/wp\/v2\/users\/1"}],"replies":[{"embeddable":true,"href":"https:\/\/seasicupid.com\/index.php?rest_route=%2Fwp%2Fv2%2Fcomments&post=1612"}],"version-history":[{"count":4,"href":"https:\/\/seasicupid.com\/index.php?rest_route=\/wp\/v2\/pages\/1612\/revisions"}],"predecessor-version":[{"id":1649,"href":"https:\/\/seasicupid.com\/index.php?rest_route=\/wp\/v2\/pages\/1612\/revisions\/1649"}],"wp:attachment":[{"href":"https:\/\/seasicupid.com\/index.php?rest_route=%2Fwp%2Fv2%2Fmedia&parent=1612"}],"curies":[{"name":"wp","href":"https:\/\/api.w.org\/{rel}","templated":true}]}}